{"id":124,"date":"2022-09-05T19:00:57","date_gmt":"2022-09-05T19:00:57","guid":{"rendered":"https:\/\/arex.unesp.br\/gra\/oh\/?page_id=124"},"modified":"2022-09-05T22:42:59","modified_gmt":"2022-09-05T22:42:59","slug":"current-offering","status":"publish","type":"page","link":"http:\/\/arex.unesp.br\/gra\/oh\/current-offering\/","title":{"rendered":"Current Offering"},"content":{"rendered":"\n<figure class=\"wp-block-table is-style-stripes\"><table><tbody><tr><td>1. Course<br>Name &amp; Code<\/td><td>&nbsp;<\/td><\/tr><tr><td>2. Descri\u00e7\u00e3o&nbsp;<\/td><td>&nbsp;<\/td><\/tr><tr><td>3. Course Format<\/td><td>Exemplo&nbsp;\u2013&nbsp;Four&nbsp;(4) credit hours presented as lectures.&nbsp;&nbsp;Lectures are on Monday and Wednesday from 7:30-&nbsp;9:15 AM in Room 400&nbsp;Kleberg Center.<\/td><\/tr><tr><td>4. Course Delivery<\/td><td>In person \/ Google Meeting \/ Hybrid<\/td><\/tr><tr><td>5. Prerequisites<\/td><td>&nbsp;<\/td><\/tr><tr><td>6. Professors: name &amp; ORCID<\/td><td>como podem n\u00e3o ser nossos alunos podemos pedir para se indicar as compet\u00eancias exigidas e pedir um hist\u00f3rico para comprovar. Ser\u00e1 que funciona? Ser\u00e1 que \u00e9 necess\u00e1rio&gt;<\/td><\/tr><tr><td>7. Text<\/td><td>nome do(s) livro(s) texto<\/td><\/tr><tr><td>8. Learning outcomes<\/td><td>a-) Goal; b-)&nbsp;Objectives; c-) Learning Outcomes<\/td><\/tr><tr><td>9. Enrollment<\/td><td>Link para inscri\u00e7\u00f5es, se houver<\/td><\/tr><\/tbody><\/table><\/figure>\n","protected":false},"excerpt":{"rendered":"<p>1. CourseName &amp; Code &nbsp; 2. Descri\u00e7\u00e3o&nbsp; &nbsp; 3. Course Format Exemplo&nbsp;\u2013&nbsp;Four&nbsp;(4) credit hours presented as lectures.&nbsp;&nbsp;Lectures are on Monday and Wednesday from 7:30-&nbsp;9:15 AM in Room 400&nbsp;Kleberg Center. 4. Course Delivery In person \/ Google Meeting \/ Hybrid 5. Prerequisites &nbsp; 6. Professors: name &amp; ORCID como podem n\u00e3o ser nossos alunos podemos pedir &hellip; <a href=\"http:\/\/arex.unesp.br\/gra\/oh\/current-offering\/\" class=\"more-link\">Continue reading <span class=\"screen-reader-text\">Current Offering<\/span> <span class=\"meta-nav\">&rarr;<\/span><\/a><\/p>\n","protected":false},"author":2,"featured_media":0,"parent":0,"menu_order":0,"comment_status":"closed","ping_status":"closed","template":"","meta":[],"_links":{"self":[{"href":"http:\/\/arex.unesp.br\/gra\/oh\/wp-json\/wp\/v2\/pages\/124"}],"collection":[{"href":"http:\/\/arex.unesp.br\/gra\/oh\/wp-json\/wp\/v2\/pages"}],"about":[{"href":"http:\/\/arex.unesp.br\/gra\/oh\/wp-json\/wp\/v2\/types\/page"}],"author":[{"embeddable":true,"href":"http:\/\/arex.unesp.br\/gra\/oh\/wp-json\/wp\/v2\/users\/2"}],"replies":[{"embeddable":true,"href":"http:\/\/arex.unesp.br\/gra\/oh\/wp-json\/wp\/v2\/comments?post=124"}],"version-history":[{"count":2,"href":"http:\/\/arex.unesp.br\/gra\/oh\/wp-json\/wp\/v2\/pages\/124\/revisions"}],"predecessor-version":[{"id":149,"href":"http:\/\/arex.unesp.br\/gra\/oh\/wp-json\/wp\/v2\/pages\/124\/revisions\/149"}],"wp:attachment":[{"href":"http:\/\/arex.unesp.br\/gra\/oh\/wp-json\/wp\/v2\/media?parent=124"}],"curies":[{"name":"wp","href":"https:\/\/api.w.org\/{rel}","templated":true}]}}